{"id":2715,"date":"2019-05-03T10:25:34","date_gmt":"2019-05-03T14:25:34","guid":{"rendered":"https:\/\/www.langlais.com\/v2\/our-team\/me-hugues-langlais\/"},"modified":"2024-11-08T15:06:57","modified_gmt":"2024-11-08T19:06:57","slug":"mr-hugues-langlais","status":"publish","type":"page","link":"https:\/\/www.langlais.com\/en\/our-team-2\/mr-hugues-langlais\/","title":{"rendered":"Mr Hugues Langlais"},"content":{"rendered":"<div class=\"wpb-content-wrapper\"><p>[vc_row triangle_shape=&#8221;no&#8221;][vc_column width=&#8221;1\/3&#8243;][vc_single_image image=&#8221;3493&#8243; img_size=&#8221;full&#8221; alignment=&#8221;center&#8221;][vc_empty_space height=&#8221;16px&#8221;][vc_btn title=&#8221;Make an appointment with Me Langlais&#8221; color=&#8221;black&#8221; align=&#8221;center&#8221; link=&#8221;url:https%3A%2F%2Fcalendly.com%2Favocats-lawyers-abogados|title:Make%20an%20appointment%20with%20Me%20Langlais|target:_blank&#8221;][vc_empty_space height=&#8221;16px&#8221;][\/vc_column][vc_column width=&#8221;2\/3&#8243;][vc_column_text]<\/p>\n<p class=\"job\">Founding Lawyer<\/p>\n<h2>Mr HUGUES LANGLAIS, <em>Advocatus Emeritus of the Qu\u00e9bec Bar Association,<\/em><\/h2>\n<p>Mr. Hugues Langlais was called to the Qu\u00e9bec Bar Association in 1990 after earning his law degree from Universit\u00e9 de Montr\u00e9al, Qu\u00e9bec (Canada) in 1989. He is both a barrister and a solicitor in business and immigration law. Since 2005, he has acted as a Foreign Legal Consultant to Jin Mao P.R.C. Lawyers in Shanghai.<\/p>\n<p>&nbsp;<\/p>\n<p>Mr. Langlais teaches Immigration Law to university and law school students, lawyers, and notaries.\u00a0 He has co-directed the publication <strong>Citizenship and Immigration Law<\/strong> (Lexis-Nexis, 2022), is an approved trainer of the Qu\u00e9bec Bar Association, and has authored many training courses, namely: Business Immigration Programs, Skilled Worker Immigration Programs, Residency Issues under Immigration Law versus Citizenship law, Temporary Resident Permits, Immigration and Criminality, Introduction to Immigration law in Canada.<\/p>\n<p>&nbsp;<\/p>\n<p>Mr. Hugues Langlais is called regularly as an immigration legal expert by the media (television, radio, and newspapers). Since October 2008, Mr. Langlais acted as a Practice Reviewer\/Investigator for the Qu\u00e9bec Bar to oversee or investigate the professional work of immigration colleagues.<\/p>\n<p>&nbsp;<\/p>\n<p>Since 2004, he chairs the\u00a0<a href=\"http:\/\/www.barreau.qc.ca\/fr\/barreau\/comites\/droit-immigration\/index.html\">Immigration and Citizenship Committee of the Qu\u00e9bec Bar Association<\/a>.<\/p>\n<p>&nbsp;<\/p>\n<p>Mr. Langlais presides over his firm with offices in Montr\u00e9al, Canada, and Shanghai, China with antennas in Paris (France), Dakar (Senegal), Beirut (Lebanon), Qu\u00e9bec City, and Bujumbura (Burundi).\u201d<\/p>\n<p>&nbsp;<\/p>\n<p><img loading=\"lazy\" decoding=\"async\" class=\"alignnone size-full wp-image-1446\" src=\"https:\/\/www.langlais.com\/wp-content\/uploads\/2017\/09\/PDF-image-e1524773780932.jpg\" alt=\"PDF\" width=\"50\" height=\"51\" \/><a href=\"https:\/\/www.langlais.com\/wp-content\/uploads\/2024\/11\/2024-07-10-Curriculum-vitae-detaille-de-Me-Hugues-Langlais.pdf\">Visualize Mr. Langlais&#8217; resume.<\/a>[\/vc_column_text][vc_empty_space]<div class=\"mkd-carousel-holder clearfix\"><div class=\"mkd-carousel mkd-carousel-row mkd-pag-left\" data-autoplay=yes><div class=\"mkd-carousel-item-holder\" >\n\t<div class=\"mkd-carousel-item-holder-inner\">\n\t\t\t\t<a href=\"http:\/\/www.aila.org\/\" target=\"_blank\">\n\t\t\t\t\t\t\t\t\t<span class=\"mkd-carousel-first-image-holder mkd-has-hover-image mkd-image-change\">\n\t\t\t\t\t<img decoding=\"async\" src=\"https:\/\/www.langlais.com\/wp-content\/uploads\/2019\/06\/aila-100.png\" alt=\"AILA\">\n\t\t\t\t<\/span>\n\t\t\t\t\t\t\t\t\t\t<span class=\"mkd-carousel-second-image-holder mkd-has-hover-image mkd-image-change\">\n\t\t\t\t\t<img decoding=\"async\" src=\"https:\/\/www.langlais.com\/wp-content\/uploads\/2019\/06\/aila-100-griss.png\" alt=\"AILA\">\n\t\t\t\t<\/span>\n\t\t\t\t\t\t\t<\/a>\n\t\t\t<\/div>\n<\/div><div class=\"mkd-carousel-item-holder\" >\n\t<div class=\"mkd-carousel-item-holder-inner\">\n\t\t\t\t<a href=\"http:\/\/www.barreaudemontreal.qc.ca\/\" target=\"_blank\">\n\t\t\t\t\t\t\t\t\t<span class=\"mkd-carousel-first-image-holder mkd-has-hover-image mkd-image-change\">\n\t\t\t\t\t<img decoding=\"async\" src=\"https:\/\/www.langlais.com\/wp-content\/uploads\/2019\/06\/The-bar-of-Montreal-100-1.jpg\" alt=\"Montreal Bar Association\">\n\t\t\t\t<\/span>\n\t\t\t\t\t\t\t\t\t\t<span class=\"mkd-carousel-second-image-holder mkd-has-hover-image mkd-image-change\">\n\t\t\t\t\t<img decoding=\"async\" src=\"https:\/\/www.langlais.com\/wp-content\/uploads\/2019\/06\/The-bar-of-Montreal-100-gris-1.jpg\" alt=\"Montreal Bar Association\">\n\t\t\t\t<\/span>\n\t\t\t\t\t\t\t<\/a>\n\t\t\t<\/div>\n<\/div><div class=\"mkd-carousel-item-holder\" >\n\t<div class=\"mkd-carousel-item-holder-inner\">\n\t\t\t\t<a href=\"http:\/\/www.cba.org\/\" target=\"_blank\">\n\t\t\t\t\t\t\t\t\t<span class=\"mkd-carousel-first-image-holder mkd-has-hover-image mkd-image-change\">\n\t\t\t\t\t<img decoding=\"async\" src=\"https:\/\/www.langlais.com\/wp-content\/uploads\/2019\/06\/CanadianBarAssociation-100.jpg\" alt=\"Canadian Bar Association\">\n\t\t\t\t<\/span>\n\t\t\t\t\t\t\t\t\t\t<span class=\"mkd-carousel-second-image-holder mkd-has-hover-image mkd-image-change\">\n\t\t\t\t\t<img decoding=\"async\" src=\"https:\/\/www.langlais.com\/wp-content\/uploads\/2019\/06\/CanadianBarAssociation-100-gris.jpg\" alt=\"Canadian Bar Association\">\n\t\t\t\t<\/span>\n\t\t\t\t\t\t\t<\/a>\n\t\t\t<\/div>\n<\/div><div class=\"mkd-carousel-item-holder\" >\n\t<div class=\"mkd-carousel-item-holder-inner\">\n\t\t\t\t<a href=\"http:\/\/www.gesica.com\/\" target=\"_blank\">\n\t\t\t\t\t\t\t\t\t<span class=\"mkd-carousel-first-image-holder mkd-has-hover-image mkd-image-change\">\n\t\t\t\t\t<img decoding=\"async\" src=\"https:\/\/www.langlais.com\/wp-content\/uploads\/2019\/06\/gesica-100.png\" alt=\"Gesica\">\n\t\t\t\t<\/span>\n\t\t\t\t\t\t\t\t\t\t<span class=\"mkd-carousel-second-image-holder mkd-has-hover-image mkd-image-change\">\n\t\t\t\t\t<img decoding=\"async\" src=\"https:\/\/www.langlais.com\/wp-content\/uploads\/2019\/06\/gesica-100-gris.png\" alt=\"Gesica\">\n\t\t\t\t<\/span>\n\t\t\t\t\t\t\t<\/a>\n\t\t\t<\/div>\n<\/div><div class=\"mkd-carousel-item-holder\" >\n\t<div class=\"mkd-carousel-item-holder-inner\">\n\t\t\t\t<a href=\"https:\/\/www.barreau.qc.ca\/\" target=\"_blank\">\n\t\t\t\t\t\t\t\t\t<span class=\"mkd-carousel-first-image-holder mkd-has-hover-image mkd-image-change\">\n\t\t\t\t\t<img decoding=\"async\" src=\"https:\/\/www.langlais.com\/wp-content\/uploads\/2019\/06\/barreau-du-qu\u00e9bec-100.jpg\" alt=\"Quebec Bar Association\">\n\t\t\t\t<\/span>\n\t\t\t\t\t\t\t\t\t\t<span class=\"mkd-carousel-second-image-holder mkd-has-hover-image mkd-image-change\">\n\t\t\t\t\t<img decoding=\"async\" src=\"https:\/\/www.langlais.com\/wp-content\/uploads\/2019\/06\/barreau-du-qu\u00e9bec-100.jpg\" alt=\"Quebec Bar Association\">\n\t\t\t\t<\/span>\n\t\t\t\t\t\t\t<\/a>\n\t\t\t<\/div>\n<\/div><div class=\"mkd-carousel-item-holder\" >\n\t<div class=\"mkd-carousel-item-holder-inner\">\n\t\t\t\t<a href=\"https:\/\/cila.co\/\" target=\"_blank\">\n\t\t\t\t\t\t\t\t\t<span class=\"mkd-carousel-first-image-holder mkd-has-hover-image mkd-image-change\">\n\t\t\t\t\t<img decoding=\"async\" src=\"https:\/\/www.langlais.com\/wp-content\/uploads\/2022\/01\/cila-220.png\" alt=\"CILA\">\n\t\t\t\t<\/span>\n\t\t\t\t\t\t\t\t\t\t<span class=\"mkd-carousel-second-image-holder mkd-has-hover-image mkd-image-change\">\n\t\t\t\t\t<img decoding=\"async\" src=\"https:\/\/www.langlais.com\/wp-content\/uploads\/2022\/01\/cila-220.png\" alt=\"CILA\">\n\t\t\t\t<\/span>\n\t\t\t\t\t\t\t<\/a>\n\t\t\t<\/div>\n<\/div><\/div><\/div>[\/vc_column][\/vc_row]<\/p>\n<\/div>","protected":false},"excerpt":{"rendered":"<p>[vc_row triangle_shape=&#8221;no&#8221;][vc_column width=&#8221;1\/3&#8243;][vc_single_image image=&#8221;3493&#8243; img_size=&#8221;full&#8221; alignment=&#8221;center&#8221;][vc_empty_space height=&#8221;16px&#8221;][vc_btn title=&#8221;Make an appointment with Me Langlais&#8221; color=&#8221;black&#8221; align=&#8221;center&#8221; link=&#8221;url:https%3A%2F%2Fcalendly.com%2Favocats-lawyers-abogados|title:Make%20an%20appointment%20with%20Me%20Langlais|target:_blank&#8221;][vc_empty_space height=&#8221;16px&#8221;][\/vc_column][vc_column width=&#8221;2\/3&#8243;][vc_column_text] Founding Lawyer Mr HUGUES LANGLAIS, Advocatus Emeritus of the Qu\u00e9bec Bar Association, Mr. Hugues Langlais was called to the Qu\u00e9bec Bar Association in 1990 after earning his law degree from Universit\u00e9 de Montr\u00e9al, Qu\u00e9bec (Canada) in 1989. He is both a barrister and a solicitor in business and immigration law. Since 2005, he has acted as a Foreign Legal Consultant to Jin Mao P.R.C. Lawyers in Shanghai. &nbsp; Mr. Langlais teaches Immigration Law to university and law school students, lawyers, and notaries.\u00a0&#8230;<\/p>\n","protected":false},"author":10,"featured_media":0,"parent":2701,"menu_order":0,"comment_status":"closed","ping_status":"closed","template":"","meta":{"footnotes":""},"class_list":["post-2715","page","type-page","status-publish","hentry"],"yoast_head":"<!-- This site is optimized with the Yoast SEO plugin v27.3 - https:\/\/yoast.com\/product\/yoast-seo-wordpress\/ -->\n<title>Mr Hugues Langlais - Cabinet d&#039;avocats M\u1d49 Hugues Langlais<\/title>\n<meta name=\"description\" content=\"Mr Hugues Langlais was called to the Qu\u00e9bec Bar Association in 1990 after earning his law degree from Universit\u00e9 de Montr\u00e9a.\" \/>\n<meta name=\"robots\" content=\"index, follow, max-snippet:-1, max-image-preview:large, max-video-preview:-1\" \/>\n<link rel=\"canonical\" href=\"https:\/\/www.langlais.com\/en\/our-team-2\/mr-hugues-langlais\/\" \/>\n<meta property=\"og:locale\" content=\"en_US\" \/>\n<meta property=\"og:type\" content=\"article\" \/>\n<meta property=\"og:title\" content=\"Mr Hugues Langlais - Cabinet d&#039;avocats M\u1d49 Hugues Langlais\" \/>\n<meta property=\"og:description\" content=\"Mr Hugues Langlais was called to the Qu\u00e9bec Bar Association in 1990 after earning his law degree from Universit\u00e9 de Montr\u00e9a.\" \/>\n<meta property=\"og:url\" content=\"https:\/\/www.langlais.com\/en\/our-team-2\/mr-hugues-langlais\/\" \/>\n<meta property=\"og:site_name\" content=\"Cabinet d&#039;avocats M\u1d49 Hugues Langlais\" \/>\n<meta property=\"article:publisher\" content=\"https:\/\/www.facebook.com\/langlaisimmigration\/\" \/>\n<meta property=\"article:modified_time\" content=\"2024-11-08T19:06:57+00:00\" \/>\n<meta property=\"og:image\" content=\"https:\/\/www.langlais.com\/wp-content\/uploads\/2017\/09\/PDF-image-e1524773780932.jpg\" \/>\n\t<meta property=\"og:image:width\" content=\"50\" \/>\n\t<meta property=\"og:image:height\" content=\"51\" \/>\n\t<meta property=\"og:image:type\" content=\"image\/jpeg\" \/>\n<meta name=\"twitter:card\" content=\"summary_large_image\" \/>\n<meta name=\"twitter:site\" content=\"@LanglaisLawFirm\" \/>\n<meta name=\"twitter:label1\" content=\"Est. reading time\" \/>\n\t<meta name=\"twitter:data1\" content=\"2 minutes\" \/>\n<script type=\"application\/ld+json\" class=\"yoast-schema-graph\">{\"@context\":\"https:\\\/\\\/schema.org\",\"@graph\":[{\"@type\":\"WebPage\",\"@id\":\"https:\\\/\\\/www.langlais.com\\\/en\\\/our-team-2\\\/mr-hugues-langlais\\\/\",\"url\":\"https:\\\/\\\/www.langlais.com\\\/en\\\/our-team-2\\\/mr-hugues-langlais\\\/\",\"name\":\"Mr Hugues Langlais - Cabinet d&#039;avocats M\u1d49 Hugues Langlais\",\"isPartOf\":{\"@id\":\"https:\\\/\\\/www.langlais.com\\\/en\\\/#website\"},\"primaryImageOfPage\":{\"@id\":\"https:\\\/\\\/www.langlais.com\\\/en\\\/our-team-2\\\/mr-hugues-langlais\\\/#primaryimage\"},\"image\":{\"@id\":\"https:\\\/\\\/www.langlais.com\\\/en\\\/our-team-2\\\/mr-hugues-langlais\\\/#primaryimage\"},\"thumbnailUrl\":\"https:\\\/\\\/www.langlais.com\\\/wp-content\\\/uploads\\\/2017\\\/09\\\/PDF-image-e1524773780932.jpg\",\"datePublished\":\"2019-05-03T14:25:34+00:00\",\"dateModified\":\"2024-11-08T19:06:57+00:00\",\"description\":\"Mr Hugues Langlais was called to the Qu\u00e9bec Bar Association in 1990 after earning his law degree from Universit\u00e9 de Montr\u00e9a.\",\"breadcrumb\":{\"@id\":\"https:\\\/\\\/www.langlais.com\\\/en\\\/our-team-2\\\/mr-hugues-langlais\\\/#breadcrumb\"},\"inLanguage\":\"en-US\",\"potentialAction\":[{\"@type\":\"ReadAction\",\"target\":[\"https:\\\/\\\/www.langlais.com\\\/en\\\/our-team-2\\\/mr-hugues-langlais\\\/\"]}]},{\"@type\":\"ImageObject\",\"inLanguage\":\"en-US\",\"@id\":\"https:\\\/\\\/www.langlais.com\\\/en\\\/our-team-2\\\/mr-hugues-langlais\\\/#primaryimage\",\"url\":\"https:\\\/\\\/www.langlais.com\\\/wp-content\\\/uploads\\\/2017\\\/09\\\/PDF-image-e1524773780932.jpg\",\"contentUrl\":\"https:\\\/\\\/www.langlais.com\\\/wp-content\\\/uploads\\\/2017\\\/09\\\/PDF-image-e1524773780932.jpg\"},{\"@type\":\"BreadcrumbList\",\"@id\":\"https:\\\/\\\/www.langlais.com\\\/en\\\/our-team-2\\\/mr-hugues-langlais\\\/#breadcrumb\",\"itemListElement\":[{\"@type\":\"ListItem\",\"position\":1,\"name\":\"Accueil\",\"item\":\"https:\\\/\\\/www.langlais.com\\\/en\\\/\"},{\"@type\":\"ListItem\",\"position\":2,\"name\":\"Our Team\",\"item\":\"https:\\\/\\\/www.langlais.com\\\/en\\\/our-team-2\\\/\"},{\"@type\":\"ListItem\",\"position\":3,\"name\":\"Mr Hugues Langlais\"}]},{\"@type\":\"WebSite\",\"@id\":\"https:\\\/\\\/www.langlais.com\\\/en\\\/#website\",\"url\":\"https:\\\/\\\/www.langlais.com\\\/en\\\/\",\"name\":\"Cabinet M\u1d49 Hugues Langlais Avocats en Immigration\",\"description\":\"\",\"publisher\":{\"@id\":\"https:\\\/\\\/www.langlais.com\\\/en\\\/#organization\"},\"potentialAction\":[{\"@type\":\"SearchAction\",\"target\":{\"@type\":\"EntryPoint\",\"urlTemplate\":\"https:\\\/\\\/www.langlais.com\\\/en\\\/?s={search_term_string}\"},\"query-input\":{\"@type\":\"PropertyValueSpecification\",\"valueRequired\":true,\"valueName\":\"search_term_string\"}}],\"inLanguage\":\"en-US\"},{\"@type\":\"Organization\",\"@id\":\"https:\\\/\\\/www.langlais.com\\\/en\\\/#organization\",\"name\":\"Cabinet M\u1d49 Hugues Langlais Avocats en Immigration\",\"url\":\"https:\\\/\\\/www.langlais.com\\\/en\\\/\",\"logo\":{\"@type\":\"ImageObject\",\"inLanguage\":\"en-US\",\"@id\":\"https:\\\/\\\/www.langlais.com\\\/en\\\/#\\\/schema\\\/logo\\\/image\\\/\",\"url\":\"https:\\\/\\\/www.langlais.com\\\/wp-content\\\/uploads\\\/2019\\\/05\\\/Cabinet-Me-Hugues-Langlais-logo-sq.jpg\",\"contentUrl\":\"https:\\\/\\\/www.langlais.com\\\/wp-content\\\/uploads\\\/2019\\\/05\\\/Cabinet-Me-Hugues-Langlais-logo-sq.jpg\",\"width\":578,\"height\":578,\"caption\":\"Cabinet M\u1d49 Hugues Langlais Avocats en Immigration\"},\"image\":{\"@id\":\"https:\\\/\\\/www.langlais.com\\\/en\\\/#\\\/schema\\\/logo\\\/image\\\/\"},\"sameAs\":[\"https:\\\/\\\/www.facebook.com\\\/langlaisimmigration\\\/\",\"https:\\\/\\\/x.com\\\/LanglaisLawFirm\",\"https:\\\/\\\/www.linkedin.com\\\/in\\\/hugueslanglais4immigrationlaw\\\/\",\"https:\\\/\\\/www.youtube.com\\\/channel\\\/UCBKNZKz80QxrR4P253Hmykw\"]}]}<\/script>\n<!-- \/ Yoast SEO plugin. -->","yoast_head_json":{"title":"Mr Hugues Langlais - Cabinet d&#039;avocats M\u1d49 Hugues Langlais","description":"Mr Hugues Langlais was called to the Qu\u00e9bec Bar Association in 1990 after earning his law degree from Universit\u00e9 de Montr\u00e9a.","robots":{"index":"index","follow":"follow","max-snippet":"max-snippet:-1","max-image-preview":"max-image-preview:large","max-video-preview":"max-video-preview:-1"},"canonical":"https:\/\/www.langlais.com\/en\/our-team-2\/mr-hugues-langlais\/","og_locale":"en_US","og_type":"article","og_title":"Mr Hugues Langlais - Cabinet d&#039;avocats M\u1d49 Hugues Langlais","og_description":"Mr Hugues Langlais was called to the Qu\u00e9bec Bar Association in 1990 after earning his law degree from Universit\u00e9 de Montr\u00e9a.","og_url":"https:\/\/www.langlais.com\/en\/our-team-2\/mr-hugues-langlais\/","og_site_name":"Cabinet d&#039;avocats M\u1d49 Hugues Langlais","article_publisher":"https:\/\/www.facebook.com\/langlaisimmigration\/","article_modified_time":"2024-11-08T19:06:57+00:00","og_image":[{"width":50,"height":51,"url":"https:\/\/www.langlais.com\/wp-content\/uploads\/2017\/09\/PDF-image-e1524773780932.jpg","type":"image\/jpeg"}],"twitter_card":"summary_large_image","twitter_site":"@LanglaisLawFirm","twitter_misc":{"Est. reading time":"2 minutes"},"schema":{"@context":"https:\/\/schema.org","@graph":[{"@type":"WebPage","@id":"https:\/\/www.langlais.com\/en\/our-team-2\/mr-hugues-langlais\/","url":"https:\/\/www.langlais.com\/en\/our-team-2\/mr-hugues-langlais\/","name":"Mr Hugues Langlais - Cabinet d&#039;avocats M\u1d49 Hugues Langlais","isPartOf":{"@id":"https:\/\/www.langlais.com\/en\/#website"},"primaryImageOfPage":{"@id":"https:\/\/www.langlais.com\/en\/our-team-2\/mr-hugues-langlais\/#primaryimage"},"image":{"@id":"https:\/\/www.langlais.com\/en\/our-team-2\/mr-hugues-langlais\/#primaryimage"},"thumbnailUrl":"https:\/\/www.langlais.com\/wp-content\/uploads\/2017\/09\/PDF-image-e1524773780932.jpg","datePublished":"2019-05-03T14:25:34+00:00","dateModified":"2024-11-08T19:06:57+00:00","description":"Mr Hugues Langlais was called to the Qu\u00e9bec Bar Association in 1990 after earning his law degree from Universit\u00e9 de Montr\u00e9a.","breadcrumb":{"@id":"https:\/\/www.langlais.com\/en\/our-team-2\/mr-hugues-langlais\/#breadcrumb"},"inLanguage":"en-US","potentialAction":[{"@type":"ReadAction","target":["https:\/\/www.langlais.com\/en\/our-team-2\/mr-hugues-langlais\/"]}]},{"@type":"ImageObject","inLanguage":"en-US","@id":"https:\/\/www.langlais.com\/en\/our-team-2\/mr-hugues-langlais\/#primaryimage","url":"https:\/\/www.langlais.com\/wp-content\/uploads\/2017\/09\/PDF-image-e1524773780932.jpg","contentUrl":"https:\/\/www.langlais.com\/wp-content\/uploads\/2017\/09\/PDF-image-e1524773780932.jpg"},{"@type":"BreadcrumbList","@id":"https:\/\/www.langlais.com\/en\/our-team-2\/mr-hugues-langlais\/#breadcrumb","itemListElement":[{"@type":"ListItem","position":1,"name":"Accueil","item":"https:\/\/www.langlais.com\/en\/"},{"@type":"ListItem","position":2,"name":"Our Team","item":"https:\/\/www.langlais.com\/en\/our-team-2\/"},{"@type":"ListItem","position":3,"name":"Mr Hugues Langlais"}]},{"@type":"WebSite","@id":"https:\/\/www.langlais.com\/en\/#website","url":"https:\/\/www.langlais.com\/en\/","name":"Cabinet M\u1d49 Hugues Langlais Avocats en Immigration","description":"","publisher":{"@id":"https:\/\/www.langlais.com\/en\/#organization"},"potentialAction":[{"@type":"SearchAction","target":{"@type":"EntryPoint","urlTemplate":"https:\/\/www.langlais.com\/en\/?s={search_term_string}"},"query-input":{"@type":"PropertyValueSpecification","valueRequired":true,"valueName":"search_term_string"}}],"inLanguage":"en-US"},{"@type":"Organization","@id":"https:\/\/www.langlais.com\/en\/#organization","name":"Cabinet M\u1d49 Hugues Langlais Avocats en Immigration","url":"https:\/\/www.langlais.com\/en\/","logo":{"@type":"ImageObject","inLanguage":"en-US","@id":"https:\/\/www.langlais.com\/en\/#\/schema\/logo\/image\/","url":"https:\/\/www.langlais.com\/wp-content\/uploads\/2019\/05\/Cabinet-Me-Hugues-Langlais-logo-sq.jpg","contentUrl":"https:\/\/www.langlais.com\/wp-content\/uploads\/2019\/05\/Cabinet-Me-Hugues-Langlais-logo-sq.jpg","width":578,"height":578,"caption":"Cabinet M\u1d49 Hugues Langlais Avocats en Immigration"},"image":{"@id":"https:\/\/www.langlais.com\/en\/#\/schema\/logo\/image\/"},"sameAs":["https:\/\/www.facebook.com\/langlaisimmigration\/","https:\/\/x.com\/LanglaisLawFirm","https:\/\/www.linkedin.com\/in\/hugueslanglais4immigrationlaw\/","https:\/\/www.youtube.com\/channel\/UCBKNZKz80QxrR4P253Hmykw"]}]}},"_links":{"self":[{"href":"https:\/\/www.langlais.com\/en\/wp-json\/wp\/v2\/pages\/2715","targetHints":{"allow":["GET"]}}],"collection":[{"href":"https:\/\/www.langlais.com\/en\/wp-json\/wp\/v2\/pages"}],"about":[{"href":"https:\/\/www.langlais.com\/en\/wp-json\/wp\/v2\/types\/page"}],"author":[{"embeddable":true,"href":"https:\/\/www.langlais.com\/en\/wp-json\/wp\/v2\/users\/10"}],"replies":[{"embeddable":true,"href":"https:\/\/www.langlais.com\/en\/wp-json\/wp\/v2\/comments?post=2715"}],"version-history":[{"count":5,"href":"https:\/\/www.langlais.com\/en\/wp-json\/wp\/v2\/pages\/2715\/revisions"}],"predecessor-version":[{"id":6348,"href":"https:\/\/www.langlais.com\/en\/wp-json\/wp\/v2\/pages\/2715\/revisions\/6348"}],"up":[{"embeddable":true,"href":"https:\/\/www.langlais.com\/en\/wp-json\/wp\/v2\/pages\/2701"}],"wp:attachment":[{"href":"https:\/\/www.langlais.com\/en\/wp-json\/wp\/v2\/media?parent=2715"}],"curies":[{"name":"wp","href":"https:\/\/api.w.org\/{rel}","templated":true}]}}