{"id":6356,"date":"2022-08-04T12:22:11","date_gmt":"2022-08-04T16:22:11","guid":{"rendered":"https:\/\/www.langlais.com\/rendez-vous\/"},"modified":"2025-02-14T15:25:54","modified_gmt":"2025-02-14T19:25:54","slug":"cita","status":"publish","type":"page","link":"https:\/\/www.langlais.com\/es\/cita\/","title":{"rendered":"Cita con un abogado"},"content":{"rendered":"<div class=\"wpb-content-wrapper\"><p>[vc_row triangle_shape=&#8221;no&#8221;][vc_column][vc_column_text]<\/p>\n<h1>Cita con un abogado<\/h1>\n<p><b>Cita con un abogado. <\/b><b>Seleccione un abogado\u00a0<\/b>(si van a desplegar la lista de abogados disponibles). Luego siga las instrucciones.<\/p>\n<p>Si no se muestran las citas a continuaci\u00f3n, <a href=\"https:\/\/calendly.com\/avocats-lawyers-abogados\">haga clic aqu\u00ed<\/a> (en ingl\u00e9s).[\/vc_column_text][\/vc_column][\/vc_row][vc_row triangle_shape=&#8221;no&#8221;][vc_column][vc_column_text]<!-- D\u00e9but de widget en ligne Calendly --><\/p>\n<div class=\"calendly-inline-widget\" style=\"min-width: 320px; height: 630px;\" data-url=\"https:\/\/calendly.com\/avocats-lawyers-abogados\"><\/div>\n<p><script type=\"text\/javascript\" src=\"https:\/\/assets.calendly.com\/assets\/external\/widget.js\" async><\/script><br \/>\n<!-- Fin de widget en ligne Calendly -->[\/vc_column_text][\/vc_column][\/vc_row]<\/p>\n<\/div>","protected":false},"excerpt":{"rendered":"<p>[vc_row triangle_shape=&#8221;no&#8221;][vc_column][vc_column_text] Cita con un abogado Cita con un abogado. Seleccione un abogado\u00a0(si van a desplegar la lista de abogados disponibles). Luego siga las instrucciones. Si no se muestran las citas a continuaci\u00f3n, haga clic aqu\u00ed (en ingl\u00e9s).[\/vc_column_text][\/vc_column][\/vc_row][vc_row triangle_shape=&#8221;no&#8221;][vc_column][vc_column_text] [\/vc_column_text][\/vc_column][\/vc_row]<\/p>\n","protected":false},"author":10,"featured_media":0,"parent":0,"menu_order":0,"comment_status":"closed","ping_status":"closed","template":"","meta":{"footnotes":""},"class_list":["post-6356","page","type-page","status-publish","hentry"],"yoast_head":"<!-- This site is optimized with the Yoast SEO plugin v27.4 - https:\/\/yoast.com\/product\/yoast-seo-wordpress\/ -->\n<title>Cita con un abogado - Cabinet d&#039;avocats M\u1d49 Hugues Langlais<\/title>\n<meta name=\"description\" content=\"Cita con un abogado. Seleccione un abogado\u00a0(si van a desplegar la lista de abogados disponibles). Luego siga las instrucciones\" \/>\n<meta name=\"robots\" content=\"noindex, nofollow\" \/>\n<meta property=\"og:locale\" content=\"es_ES\" \/>\n<meta property=\"og:type\" content=\"article\" \/>\n<meta property=\"og:title\" content=\"Cita con un abogado - Cabinet d&#039;avocats M\u1d49 Hugues Langlais\" \/>\n<meta property=\"og:description\" content=\"Cita con un abogado. Seleccione un abogado\u00a0(si van a desplegar la lista de abogados disponibles). Luego siga las instrucciones\" \/>\n<meta property=\"og:url\" content=\"https:\/\/www.langlais.com\/es\/cita\/\" \/>\n<meta property=\"og:site_name\" content=\"Cabinet d&#039;avocats M\u1d49 Hugues Langlais\" \/>\n<meta property=\"article:publisher\" content=\"https:\/\/www.facebook.com\/langlaisimmigration\/\" \/>\n<meta property=\"article:modified_time\" content=\"2025-02-14T19:25:54+00:00\" \/>\n<meta name=\"twitter:card\" content=\"summary_large_image\" \/>\n<meta name=\"twitter:site\" content=\"@LanglaisLawFirm\" \/>\n<meta name=\"twitter:label1\" content=\"Tiempo de lectura\" \/>\n\t<meta name=\"twitter:data1\" content=\"1 minuto\" \/>\n<script type=\"application\/ld+json\" class=\"yoast-schema-graph\">{\"@context\":\"https:\\\/\\\/schema.org\",\"@graph\":[{\"@type\":\"WebPage\",\"@id\":\"https:\\\/\\\/www.langlais.com\\\/es\\\/cita\\\/\",\"url\":\"https:\\\/\\\/www.langlais.com\\\/es\\\/cita\\\/\",\"name\":\"Cita con un abogado - Cabinet d&#039;avocats M\u1d49 Hugues Langlais\",\"isPartOf\":{\"@id\":\"https:\\\/\\\/www.langlais.com\\\/es\\\/#website\"},\"datePublished\":\"2022-08-04T16:22:11+00:00\",\"dateModified\":\"2025-02-14T19:25:54+00:00\",\"description\":\"Cita con un abogado. Seleccione un abogado\u00a0(si van a desplegar la lista de abogados disponibles). Luego siga las instrucciones\",\"breadcrumb\":{\"@id\":\"https:\\\/\\\/www.langlais.com\\\/es\\\/cita\\\/#breadcrumb\"},\"inLanguage\":\"es\",\"potentialAction\":[{\"@type\":\"ReadAction\",\"target\":[\"https:\\\/\\\/www.langlais.com\\\/es\\\/cita\\\/\"]}]},{\"@type\":\"BreadcrumbList\",\"@id\":\"https:\\\/\\\/www.langlais.com\\\/es\\\/cita\\\/#breadcrumb\",\"itemListElement\":[{\"@type\":\"ListItem\",\"position\":1,\"name\":\"Accueil\",\"item\":\"https:\\\/\\\/www.langlais.com\\\/es\\\/\"},{\"@type\":\"ListItem\",\"position\":2,\"name\":\"Cita con un abogado\"}]},{\"@type\":\"WebSite\",\"@id\":\"https:\\\/\\\/www.langlais.com\\\/es\\\/#website\",\"url\":\"https:\\\/\\\/www.langlais.com\\\/es\\\/\",\"name\":\"Cabinet M\u1d49 Hugues Langlais Avocats en Immigration\",\"description\":\"\",\"publisher\":{\"@id\":\"https:\\\/\\\/www.langlais.com\\\/es\\\/#organization\"},\"potentialAction\":[{\"@type\":\"SearchAction\",\"target\":{\"@type\":\"EntryPoint\",\"urlTemplate\":\"https:\\\/\\\/www.langlais.com\\\/es\\\/?s={search_term_string}\"},\"query-input\":{\"@type\":\"PropertyValueSpecification\",\"valueRequired\":true,\"valueName\":\"search_term_string\"}}],\"inLanguage\":\"es\"},{\"@type\":\"Organization\",\"@id\":\"https:\\\/\\\/www.langlais.com\\\/es\\\/#organization\",\"name\":\"Cabinet M\u1d49 Hugues Langlais Avocats en Immigration\",\"url\":\"https:\\\/\\\/www.langlais.com\\\/es\\\/\",\"logo\":{\"@type\":\"ImageObject\",\"inLanguage\":\"es\",\"@id\":\"https:\\\/\\\/www.langlais.com\\\/es\\\/#\\\/schema\\\/logo\\\/image\\\/\",\"url\":\"https:\\\/\\\/www.langlais.com\\\/wp-content\\\/uploads\\\/2019\\\/05\\\/Cabinet-Me-Hugues-Langlais-logo-sq.jpg\",\"contentUrl\":\"https:\\\/\\\/www.langlais.com\\\/wp-content\\\/uploads\\\/2019\\\/05\\\/Cabinet-Me-Hugues-Langlais-logo-sq.jpg\",\"width\":578,\"height\":578,\"caption\":\"Cabinet M\u1d49 Hugues Langlais Avocats en Immigration\"},\"image\":{\"@id\":\"https:\\\/\\\/www.langlais.com\\\/es\\\/#\\\/schema\\\/logo\\\/image\\\/\"},\"sameAs\":[\"https:\\\/\\\/www.facebook.com\\\/langlaisimmigration\\\/\",\"https:\\\/\\\/x.com\\\/LanglaisLawFirm\",\"https:\\\/\\\/www.linkedin.com\\\/in\\\/hugueslanglais4immigrationlaw\\\/\",\"https:\\\/\\\/www.youtube.com\\\/channel\\\/UCBKNZKz80QxrR4P253Hmykw\"]}]}<\/script>\n<!-- \/ Yoast SEO plugin. -->","yoast_head_json":{"title":"Cita con un abogado - Cabinet d&#039;avocats M\u1d49 Hugues Langlais","description":"Cita con un abogado. Seleccione un abogado\u00a0(si van a desplegar la lista de abogados disponibles). Luego siga las instrucciones","robots":{"index":"noindex","follow":"nofollow"},"og_locale":"es_ES","og_type":"article","og_title":"Cita con un abogado - Cabinet d&#039;avocats M\u1d49 Hugues Langlais","og_description":"Cita con un abogado. Seleccione un abogado\u00a0(si van a desplegar la lista de abogados disponibles). Luego siga las instrucciones","og_url":"https:\/\/www.langlais.com\/es\/cita\/","og_site_name":"Cabinet d&#039;avocats M\u1d49 Hugues Langlais","article_publisher":"https:\/\/www.facebook.com\/langlaisimmigration\/","article_modified_time":"2025-02-14T19:25:54+00:00","twitter_card":"summary_large_image","twitter_site":"@LanglaisLawFirm","twitter_misc":{"Tiempo de lectura":"1 minuto"},"schema":{"@context":"https:\/\/schema.org","@graph":[{"@type":"WebPage","@id":"https:\/\/www.langlais.com\/es\/cita\/","url":"https:\/\/www.langlais.com\/es\/cita\/","name":"Cita con un abogado - Cabinet d&#039;avocats M\u1d49 Hugues Langlais","isPartOf":{"@id":"https:\/\/www.langlais.com\/es\/#website"},"datePublished":"2022-08-04T16:22:11+00:00","dateModified":"2025-02-14T19:25:54+00:00","description":"Cita con un abogado. Seleccione un abogado\u00a0(si van a desplegar la lista de abogados disponibles). Luego siga las instrucciones","breadcrumb":{"@id":"https:\/\/www.langlais.com\/es\/cita\/#breadcrumb"},"inLanguage":"es","potentialAction":[{"@type":"ReadAction","target":["https:\/\/www.langlais.com\/es\/cita\/"]}]},{"@type":"BreadcrumbList","@id":"https:\/\/www.langlais.com\/es\/cita\/#breadcrumb","itemListElement":[{"@type":"ListItem","position":1,"name":"Accueil","item":"https:\/\/www.langlais.com\/es\/"},{"@type":"ListItem","position":2,"name":"Cita con un abogado"}]},{"@type":"WebSite","@id":"https:\/\/www.langlais.com\/es\/#website","url":"https:\/\/www.langlais.com\/es\/","name":"Cabinet M\u1d49 Hugues Langlais Avocats en Immigration","description":"","publisher":{"@id":"https:\/\/www.langlais.com\/es\/#organization"},"potentialAction":[{"@type":"SearchAction","target":{"@type":"EntryPoint","urlTemplate":"https:\/\/www.langlais.com\/es\/?s={search_term_string}"},"query-input":{"@type":"PropertyValueSpecification","valueRequired":true,"valueName":"search_term_string"}}],"inLanguage":"es"},{"@type":"Organization","@id":"https:\/\/www.langlais.com\/es\/#organization","name":"Cabinet M\u1d49 Hugues Langlais Avocats en Immigration","url":"https:\/\/www.langlais.com\/es\/","logo":{"@type":"ImageObject","inLanguage":"es","@id":"https:\/\/www.langlais.com\/es\/#\/schema\/logo\/image\/","url":"https:\/\/www.langlais.com\/wp-content\/uploads\/2019\/05\/Cabinet-Me-Hugues-Langlais-logo-sq.jpg","contentUrl":"https:\/\/www.langlais.com\/wp-content\/uploads\/2019\/05\/Cabinet-Me-Hugues-Langlais-logo-sq.jpg","width":578,"height":578,"caption":"Cabinet M\u1d49 Hugues Langlais Avocats en Immigration"},"image":{"@id":"https:\/\/www.langlais.com\/es\/#\/schema\/logo\/image\/"},"sameAs":["https:\/\/www.facebook.com\/langlaisimmigration\/","https:\/\/x.com\/LanglaisLawFirm","https:\/\/www.linkedin.com\/in\/hugueslanglais4immigrationlaw\/","https:\/\/www.youtube.com\/channel\/UCBKNZKz80QxrR4P253Hmykw"]}]}},"_links":{"self":[{"href":"https:\/\/www.langlais.com\/es\/wp-json\/wp\/v2\/pages\/6356","targetHints":{"allow":["GET"]}}],"collection":[{"href":"https:\/\/www.langlais.com\/es\/wp-json\/wp\/v2\/pages"}],"about":[{"href":"https:\/\/www.langlais.com\/es\/wp-json\/wp\/v2\/types\/page"}],"author":[{"embeddable":true,"href":"https:\/\/www.langlais.com\/es\/wp-json\/wp\/v2\/users\/10"}],"replies":[{"embeddable":true,"href":"https:\/\/www.langlais.com\/es\/wp-json\/wp\/v2\/comments?post=6356"}],"version-history":[{"count":2,"href":"https:\/\/www.langlais.com\/es\/wp-json\/wp\/v2\/pages\/6356\/revisions"}],"predecessor-version":[{"id":6357,"href":"https:\/\/www.langlais.com\/es\/wp-json\/wp\/v2\/pages\/6356\/revisions\/6357"}],"wp:attachment":[{"href":"https:\/\/www.langlais.com\/es\/wp-json\/wp\/v2\/media?parent=6356"}],"curies":[{"name":"wp","href":"https:\/\/api.w.org\/{rel}","templated":true}]}}